{"id":348,"date":"2023-04-05T10:35:16","date_gmt":"2023-04-05T10:35:16","guid":{"rendered":"https:\/\/fondationphilibertbongoayouma.org\/?page_id=348"},"modified":"2023-04-05T11:52:11","modified_gmt":"2023-04-05T11:52:11","slug":"actualite","status":"publish","type":"page","link":"https:\/\/fondationphilibertbongoayouma.org\/en\/actualite\/","title":{"rendered":""},"content":{"rendered":"<section class=\"gutentor-section gutentor-blog-post-wrapper blog-template1 alignwide wp-block-gutentor-blog-post  has-color-bg has-custom-bg\" id=\"section-28143b18-b6d4-4e67-b544-aa97009b7d80\">\n<div class='grid-container'><div class=\"gutentor-block-header\"><div class=\"gutentor-section-title enable-title-design seperator-bottom text-center\">\n<h2 class=\"gutentor-title\">\nActualite<\/h2>\n<\/div>\n<\/div><div class='gutentor-grid-item-wrap'><div class='grid-row'><article class='gutentor-post-has-thumb  grid-lg-4 grid-md-4 grid-12 blog-grid'><div class=\"gutentor-single-item\"><div class=\"gutentor-single-item-image-box\"><div class=\"gutentor-image-thumb\"><img data-recalc-dims=\"1\" loading=\"lazy\" decoding=\"async\" width=\"720\" height=\"525\" src=\"https:\/\/i0.wp.com\/fondationphilibertbongoayouma.org\/wp-content\/uploads\/2024\/04\/evenment.webp?resize=720%2C525&#038;ssl=1\" class=\"attachment- size- wp-post-image\" alt=\"\" \/><\/div><\/div><div class=\"gutentor-post-content\"><h3 class=\"gutentor-single-item-title\"><a href=\"https:\/\/fondationphilibertbongoayouma.org\/en\/2024\/04\/10\/projets-culturels-de-la-fondation-philibert-bongo-ayouma\/\" rel=\"bookmark\">Projets Culturels de La Fondation Philibert BONGO AYOUMA<\/a><\/h3><div class=\"entry-meta\"><div class=\"posted-on\"><i class=\"far fa-calendar-alt\"><\/i><a href=\"https:\/\/fondationphilibertbongoayouma.org\/en\/2024\/04\/10\/projets-culturels-de-la-fondation-philibert-bongo-ayouma\/\" rel=\"bookmark\">April 10, 2024<\/a><\/div><div class=\"cat-links\"><i class=\"fas fa-tags\"><\/i><a href=\"https:\/\/fondationphilibertbongoayouma.org\/en\/category\/actualite\/\" rel=\"category tag\">actualit\u00e9<\/a><\/div><\/div><div class=\"gutentor-post-excerpt gutentor-single-item-desc\"><p class='gutentor-single-item-desc'>Le FESTICA, soutenu par divers partenaires et l&#8217;UNESCO, se tiendra du 12 au 14 juillet 2024 \u00e0 France&hellip;<\/p><\/div><a class=\"gutentor-button gutentor-single-item-button gutentor-icon-after\" href=\"https:\/\/fondationphilibertbongoayouma.org\/en\/2024\/04\/10\/projets-culturels-de-la-fondation-philibert-bongo-ayouma\/\" rel=\"noopener noreferrer\"><i class=\"gutentor-button-icon fas fa-book\"><\/i><span>Voir plus<\/span><\/a><\/div><\/div><\/article><article class='gutentor-post-has-thumb  grid-lg-4 grid-md-4 grid-12 blog-grid'><div class=\"gutentor-single-item\"><div class=\"gutentor-single-item-image-box\"><div class=\"gutentor-image-thumb\"><img data-recalc-dims=\"1\" loading=\"lazy\" decoding=\"async\" width=\"640\" height=\"480\" src=\"https:\/\/i0.wp.com\/fondationphilibertbongoayouma.org\/wp-content\/uploads\/2023\/06\/Fescute-2023.jpg?resize=640%2C480&#038;ssl=1\" class=\"attachment- size- wp-post-image\" alt=\"\" \/><\/div><\/div><div class=\"gutentor-post-content\"><h3 class=\"gutentor-single-item-title\"><a href=\"https:\/\/fondationphilibertbongoayouma.org\/en\/2023\/06\/05\/fescute-2023-franceville-creuset-culturel-momentane-de-lunivers-sous-regional-teke\/\" rel=\"bookmark\">Fescute 2023 : Franceville, creuset culturel momentan\u00e9 de l\u2019univers sous-r\u00e9gional T\u00e9k\u00e9<\/a><\/h3><div class=\"entry-meta\"><div class=\"posted-on\"><i class=\"far fa-calendar-alt\"><\/i><a href=\"https:\/\/fondationphilibertbongoayouma.org\/en\/2023\/06\/05\/fescute-2023-franceville-creuset-culturel-momentane-de-lunivers-sous-regional-teke\/\" rel=\"bookmark\">June 5, 2023<\/a><\/div><div class=\"cat-links\"><i class=\"fas fa-tags\"><\/i><a href=\"https:\/\/fondationphilibertbongoayouma.org\/en\/category\/actualite\/\" rel=\"category tag\">actualit\u00e9<\/a><\/div><\/div><div class=\"gutentor-post-excerpt gutentor-single-item-desc\"><p class='gutentor-single-item-desc'>Apr\u00e8s six premi\u00e8res \u00e9ditions au Congo Kinshasa, Franceville dans le Haut-Ogoou\u00e9 abritera, du 23 au 2&hellip;<\/p><\/div><a class=\"gutentor-button gutentor-single-item-button gutentor-icon-after\" href=\"https:\/\/fondationphilibertbongoayouma.org\/en\/2023\/06\/05\/fescute-2023-franceville-creuset-culturel-momentane-de-lunivers-sous-regional-teke\/\" rel=\"noopener noreferrer\"><i class=\"gutentor-button-icon fas fa-book\"><\/i><span>Voir plus<\/span><\/a><\/div><\/div><\/article><article class='gutentor-post-has-thumb  grid-lg-4 grid-md-4 grid-12 blog-grid'><div class=\"gutentor-single-item\"><div class=\"gutentor-single-item-image-box\"><div class=\"gutentor-image-thumb\"><img data-recalc-dims=\"1\" loading=\"lazy\" decoding=\"async\" width=\"720\" height=\"540\" src=\"https:\/\/i0.wp.com\/fondationphilibertbongoayouma.org\/wp-content\/uploads\/2023\/06\/IMAGE-2023-06-02-154523.jpg?resize=720%2C540&#038;ssl=1\" class=\"attachment- size- wp-post-image\" alt=\"\" \/><\/div><\/div><div class=\"gutentor-post-content\"><h3 class=\"gutentor-single-item-title\"><a href=\"https:\/\/fondationphilibertbongoayouma.org\/en\/2023\/06\/02\/dejeuner-de-presse-a-loccasion-du-fescute-gabon-2023\/\" rel=\"bookmark\">D\u00e9jeuner de presse a l&#8217;occasion du FESCUTE Gabon 2023<\/a><\/h3><div class=\"entry-meta\"><div class=\"posted-on\"><i class=\"far fa-calendar-alt\"><\/i><a href=\"https:\/\/fondationphilibertbongoayouma.org\/en\/2023\/06\/02\/dejeuner-de-presse-a-loccasion-du-fescute-gabon-2023\/\" rel=\"bookmark\">June 2, 2023<\/a><\/div><div class=\"cat-links\"><i class=\"fas fa-tags\"><\/i><a href=\"https:\/\/fondationphilibertbongoayouma.org\/en\/category\/actualite\/\" rel=\"category tag\">actualit\u00e9<\/a><\/div><\/div><div class=\"gutentor-post-excerpt gutentor-single-item-desc\"><p class='gutentor-single-item-desc'>La Fondation Philibert Bongo Ayouma pour la culture a organis\u00e9 un d\u00e9jeuner de presse le vendredi 12 &hellip;<\/p><\/div><a class=\"gutentor-button gutentor-single-item-button gutentor-icon-after\" href=\"https:\/\/fondationphilibertbongoayouma.org\/en\/2023\/06\/02\/dejeuner-de-presse-a-loccasion-du-fescute-gabon-2023\/\" rel=\"noopener noreferrer\"><i class=\"gutentor-button-icon fas fa-book\"><\/i><span>Voir plus<\/span><\/a><\/div><\/div><\/article><\/div><\/div><\/div><\/section>","protected":false},"excerpt":{"rendered":"","protected":false},"author":5,"featured_media":0,"parent":0,"menu_order":0,"comment_status":"closed","ping_status":"closed","template":"","meta":{"nf_dc_page":"","footnotes":""},"class_list":["post-348","page","type-page","status-publish","hentry"],"yoast_head":"<!-- This site is optimized with the Yoast SEO plugin v27.4 - https:\/\/yoast.com\/product\/yoast-seo-wordpress\/ -->\n<title>- Fondation philibert BONGO AYOUMA<\/title>\n<meta name=\"robots\" content=\"index, follow, max-snippet:-1, max-image-preview:large, max-video-preview:-1\" \/>\n<link rel=\"canonical\" href=\"https:\/\/fondationphilibertbongoayouma.org\/en\/actualite\/\" \/>\n<meta property=\"og:locale\" content=\"en_US\" \/>\n<meta property=\"og:type\" content=\"article\" \/>\n<meta property=\"og:title\" content=\"- Fondation philibert BONGO AYOUMA\" \/>\n<meta property=\"og:url\" content=\"https:\/\/fondationphilibertbongoayouma.org\/en\/actualite\/\" \/>\n<meta property=\"og:site_name\" content=\"Fondation philibert BONGO AYOUMA\" \/>\n<meta property=\"article:modified_time\" content=\"2023-04-05T11:52:11+00:00\" \/>\n<meta name=\"twitter:card\" content=\"summary_large_image\" \/>\n<script type=\"application\/ld+json\" class=\"yoast-schema-graph\">{\"@context\":\"https:\\\/\\\/schema.org\",\"@graph\":[{\"@type\":\"WebPage\",\"@id\":\"https:\\\/\\\/fondationphilibertbongoayouma.org\\\/actualite\\\/\",\"url\":\"https:\\\/\\\/fondationphilibertbongoayouma.org\\\/actualite\\\/\",\"name\":\"- Fondation philibert BONGO AYOUMA\",\"isPartOf\":{\"@id\":\"https:\\\/\\\/fondationphilibertbongoayouma.org\\\/#website\"},\"datePublished\":\"2023-04-05T10:35:16+00:00\",\"dateModified\":\"2023-04-05T11:52:11+00:00\",\"inLanguage\":\"en-US\",\"potentialAction\":[{\"@type\":\"ReadAction\",\"target\":[\"https:\\\/\\\/fondationphilibertbongoayouma.org\\\/actualite\\\/\"]}]},{\"@type\":\"WebSite\",\"@id\":\"https:\\\/\\\/fondationphilibertbongoayouma.org\\\/#website\",\"url\":\"https:\\\/\\\/fondationphilibertbongoayouma.org\\\/\",\"name\":\"Fondation philibert BONGO AYOUMA\",\"description\":\"pour la culture, l&#039;\u00e9ducation, et la sant\u00e9\",\"publisher\":{\"@id\":\"https:\\\/\\\/fondationphilibertbongoayouma.org\\\/#organization\"},\"potentialAction\":[{\"@type\":\"SearchAction\",\"target\":{\"@type\":\"EntryPoint\",\"urlTemplate\":\"https:\\\/\\\/fondationphilibertbongoayouma.org\\\/?s={search_term_string}\"},\"query-input\":{\"@type\":\"PropertyValueSpecification\",\"valueRequired\":true,\"valueName\":\"search_term_string\"}}],\"inLanguage\":\"en-US\"},{\"@type\":\"Organization\",\"@id\":\"https:\\\/\\\/fondationphilibertbongoayouma.org\\\/#organization\",\"name\":\"Fondation philibert BONGO AYOUMA\",\"url\":\"https:\\\/\\\/fondationphilibertbongoayouma.org\\\/\",\"logo\":{\"@type\":\"ImageObject\",\"inLanguage\":\"en-US\",\"@id\":\"https:\\\/\\\/fondationphilibertbongoayouma.org\\\/#\\\/schema\\\/logo\\\/image\\\/\",\"url\":\"https:\\\/\\\/i0.wp.com\\\/fondationphilibertbongoayouma.org\\\/wp-content\\\/uploads\\\/2023\\\/02\\\/cropped-cropped-logo_philibert-1.png?fit=413%2C241&ssl=1\",\"contentUrl\":\"https:\\\/\\\/i0.wp.com\\\/fondationphilibertbongoayouma.org\\\/wp-content\\\/uploads\\\/2023\\\/02\\\/cropped-cropped-logo_philibert-1.png?fit=413%2C241&ssl=1\",\"width\":413,\"height\":241,\"caption\":\"Fondation philibert BONGO AYOUMA\"},\"image\":{\"@id\":\"https:\\\/\\\/fondationphilibertbongoayouma.org\\\/#\\\/schema\\\/logo\\\/image\\\/\"}}]}<\/script>\n<!-- \/ Yoast SEO plugin. -->","yoast_head_json":{"title":"- Fondation philibert BONGO AYOUMA","robots":{"index":"index","follow":"follow","max-snippet":"max-snippet:-1","max-image-preview":"max-image-preview:large","max-video-preview":"max-video-preview:-1"},"canonical":"https:\/\/fondationphilibertbongoayouma.org\/en\/actualite\/","og_locale":"en_US","og_type":"article","og_title":"- Fondation philibert BONGO AYOUMA","og_url":"https:\/\/fondationphilibertbongoayouma.org\/en\/actualite\/","og_site_name":"Fondation philibert BONGO AYOUMA","article_modified_time":"2023-04-05T11:52:11+00:00","twitter_card":"summary_large_image","schema":{"@context":"https:\/\/schema.org","@graph":[{"@type":"WebPage","@id":"https:\/\/fondationphilibertbongoayouma.org\/actualite\/","url":"https:\/\/fondationphilibertbongoayouma.org\/actualite\/","name":"- Fondation philibert BONGO AYOUMA","isPartOf":{"@id":"https:\/\/fondationphilibertbongoayouma.org\/#website"},"datePublished":"2023-04-05T10:35:16+00:00","dateModified":"2023-04-05T11:52:11+00:00","inLanguage":"en-US","potentialAction":[{"@type":"ReadAction","target":["https:\/\/fondationphilibertbongoayouma.org\/actualite\/"]}]},{"@type":"WebSite","@id":"https:\/\/fondationphilibertbongoayouma.org\/#website","url":"https:\/\/fondationphilibertbongoayouma.org\/","name":"Fondation philibert BONGO AYOUMA","description":"pour la culture, l&#039;\u00e9ducation, et la sant\u00e9","publisher":{"@id":"https:\/\/fondationphilibertbongoayouma.org\/#organization"},"potentialAction":[{"@type":"SearchAction","target":{"@type":"EntryPoint","urlTemplate":"https:\/\/fondationphilibertbongoayouma.org\/?s={search_term_string}"},"query-input":{"@type":"PropertyValueSpecification","valueRequired":true,"valueName":"search_term_string"}}],"inLanguage":"en-US"},{"@type":"Organization","@id":"https:\/\/fondationphilibertbongoayouma.org\/#organization","name":"Fondation philibert BONGO AYOUMA","url":"https:\/\/fondationphilibertbongoayouma.org\/","logo":{"@type":"ImageObject","inLanguage":"en-US","@id":"https:\/\/fondationphilibertbongoayouma.org\/#\/schema\/logo\/image\/","url":"https:\/\/i0.wp.com\/fondationphilibertbongoayouma.org\/wp-content\/uploads\/2023\/02\/cropped-cropped-logo_philibert-1.png?fit=413%2C241&ssl=1","contentUrl":"https:\/\/i0.wp.com\/fondationphilibertbongoayouma.org\/wp-content\/uploads\/2023\/02\/cropped-cropped-logo_philibert-1.png?fit=413%2C241&ssl=1","width":413,"height":241,"caption":"Fondation philibert BONGO AYOUMA"},"image":{"@id":"https:\/\/fondationphilibertbongoayouma.org\/#\/schema\/logo\/image\/"}}]}},"jetpack_sharing_enabled":true,"_links":{"self":[{"href":"https:\/\/fondationphilibertbongoayouma.org\/en\/wp-json\/wp\/v2\/pages\/348","targetHints":{"allow":["GET"]}}],"collection":[{"href":"https:\/\/fondationphilibertbongoayouma.org\/en\/wp-json\/wp\/v2\/pages"}],"about":[{"href":"https:\/\/fondationphilibertbongoayouma.org\/en\/wp-json\/wp\/v2\/types\/page"}],"author":[{"embeddable":true,"href":"https:\/\/fondationphilibertbongoayouma.org\/en\/wp-json\/wp\/v2\/users\/5"}],"replies":[{"embeddable":true,"href":"https:\/\/fondationphilibertbongoayouma.org\/en\/wp-json\/wp\/v2\/comments?post=348"}],"version-history":[{"count":5,"href":"https:\/\/fondationphilibertbongoayouma.org\/en\/wp-json\/wp\/v2\/pages\/348\/revisions"}],"predecessor-version":[{"id":361,"href":"https:\/\/fondationphilibertbongoayouma.org\/en\/wp-json\/wp\/v2\/pages\/348\/revisions\/361"}],"wp:attachment":[{"href":"https:\/\/fondationphilibertbongoayouma.org\/en\/wp-json\/wp\/v2\/media?parent=348"}],"curies":[{"name":"wp","href":"https:\/\/api.w.org\/{rel}","templated":true}]}}